  {"id":6045,"date":"2025-06-13T13:02:54","date_gmt":"2025-06-13T11:02:54","guid":{"rendered":"https:\/\/erasmusplus.uni.opole.pl\/faculty-of-art\/"},"modified":"2026-04-10T15:32:44","modified_gmt":"2026-04-10T13:32:44","slug":"faculty-of-art","status":"publish","type":"page","link":"https:\/\/erasmusplus.uni.opole.pl\/en\/faculty-of-art\/","title":{"rendered":"Faculty of Art"},"content":{"rendered":"\t\t<div data-elementor-type=\"wp-page\" data-elementor-id=\"6045\" class=\"elementor elementor-6045 elementor-6040\" data-elementor-post-type=\"page\">\n\t\t\t\t<div class=\"elementor-element elementor-element-3a9cc627 e-flex e-con-boxed e-con e-parent\" data-id=\"3a9cc627\" data-element_type=\"container\" data-e-type=\"container\" data-settings=\"{&quot;jet_parallax_layout_list&quot;:[]}\">\n\t\t\t\t\t<div class=\"e-con-inner\">\n\t\t\t\t<div class=\"elementor-element elementor-element-ce2684f elementor-widget elementor-widget-heading\" data-id=\"ce2684f\" data-element_type=\"widget\" data-e-type=\"widget\" data-widget_type=\"heading.default\">\n\t\t\t\t<div class=\"elementor-widget-container\">\n\t\t\t\t\t<h1 class=\"elementor-heading-title elementor-size-default\">Faculty of Art - partner universities<\/h1>\t\t\t\t<\/div>\n\t\t\t\t<\/div>\n\t\t\t\t\t<\/div>\n\t\t\t\t<\/div>\n\t\t<div class=\"elementor-element elementor-element-90f867c e-flex e-con-boxed e-con e-parent\" data-id=\"90f867c\" data-element_type=\"container\" data-e-type=\"container\" data-settings=\"{&quot;jet_parallax_layout_list&quot;:[]}\">\n\t\t\t\t\t<div class=\"e-con-inner\">\n\t\t\t\t<div class=\"elementor-element elementor-element-94a8922 elementor-widget elementor-widget-spacer\" data-id=\"94a8922\" data-element_type=\"widget\" data-e-type=\"widget\" data-widget_type=\"spacer.default\">\n\t\t\t\t<div class=\"elementor-widget-container\">\n\t\t\t\t\t\t\t<div class=\"elementor-spacer\">\n\t\t\t<div class=\"elementor-spacer-inner\"><\/div>\n\t\t<\/div>\n\t\t\t\t\t\t<\/div>\n\t\t\t\t<\/div>\n\t\t\t\t\t<\/div>\n\t\t\t\t<\/div>\n\t\t<div class=\"elementor-element elementor-element-c280b2b e-flex e-con-boxed e-con e-parent\" data-id=\"c280b2b\" data-element_type=\"container\" data-e-type=\"container\" data-settings=\"{&quot;jet_parallax_layout_list&quot;:[]}\">\n\t\t\t\t\t<div class=\"e-con-inner\">\n\t\t\t\t<div class=\"elementor-element elementor-element-1db4be6 e-n-tabs-mobile elementor-widget elementor-widget-n-tabs\" data-id=\"1db4be6\" data-element_type=\"widget\" data-e-type=\"widget\" data-settings=\"{&quot;horizontal_scroll&quot;:&quot;disable&quot;}\" data-widget_type=\"nested-tabs.default\">\n\t\t\t\t<div class=\"elementor-widget-container\">\n\t\t\t\t\t\t\t<div class=\"e-n-tabs\" data-widget-number=\"31149030\" aria-label=\"Tabs. Open items with Enter or Space, close with Escape and navigate using the Arrow keys.\">\n\t\t\t<div class=\"e-n-tabs-heading\" role=\"tablist\">\n\t\t\t\t\t<button id=\"e-n-tab-title-311490301\" data-tab-title-id=\"e-n-tab-title-311490301\" class=\"e-n-tab-title\" aria-selected=\"true\" data-tab-index=\"1\" role=\"tab\" tabindex=\"0\" aria-controls=\"e-n-tab-content-311490301\" style=\"--n-tabs-title-order: 1;\">\n\t\t\t\t\t\t<span class=\"e-n-tab-title-text\">\n\t\t\t\tFaculty of Art\t\t\t<\/span>\n\t\t<\/button>\n\t\t\t\t\t<\/div>\n\t\t\t<div class=\"e-n-tabs-content\">\n\t\t\t\t<div id=\"e-n-tab-content-311490301\" role=\"tabpanel\" aria-labelledby=\"e-n-tab-title-311490301\" data-tab-index=\"1\" style=\"--n-tabs-title-order: 1;\" class=\"e-active elementor-element elementor-element-8d47f28 e-con-full e-flex e-con e-child\" data-id=\"8d47f28\" data-element_type=\"container\" data-e-type=\"container\" data-settings=\"{&quot;jet_parallax_layout_list&quot;:[]}\">\n\t\t<div class=\"elementor-element elementor-element-fc330c4 e-flex e-con-boxed e-con e-child\" data-id=\"fc330c4\" data-element_type=\"container\" data-e-type=\"container\" data-settings=\"{&quot;jet_parallax_layout_list&quot;:[]}\">\n\t\t\t\t\t<div class=\"e-con-inner\">\n\t\t\t\t<div class=\"elementor-element elementor-element-a0248c0 elementor-widget elementor-widget-text-editor\" data-id=\"a0248c0\" data-element_type=\"widget\" data-e-type=\"widget\" data-widget_type=\"text-editor.default\">\n\t\t\t\t<div class=\"elementor-widget-container\">\n\t\t\t\t\t\t\t\t\t<p data-original-size=\"16\"><strong>ACCADEMIA DI BELLE ARTI DI CARRARA, W\u0142ochy\/Italy<\/strong><\/p>\n<p data-original-size=\"16\"><strong>Erasmus code: I CARRARA01<\/strong><\/p>\n<p><a href=\"https:\/\/accademiacarrara.it\/\">https:\/\/accademiacarrara.it\/<\/a><\/p>\n<p data-original-size=\"16\">(okres obowi\u0105zywania umowy: 2024-2028\/agreement duration: 2024-2028)<\/p>\n<p data-original-size=\"16\">Kontakt\/Contact:<\/p>\n<p data-original-size=\"16\">e-mail: <a href=\"mailto:erasmus@accademiacarrara.it\">erasmus@accademiacarrara.it<\/a><\/p>\n<p data-original-size=\"16\">_____________________________________________________________________<\/p>\n<p data-original-size=\"16\"><strong>Eskisehir Osmangazi Universitesi, Turcja\/Turkey<\/strong><\/p>\n<p data-original-size=\"16\"><strong>Erasmus code: TR ESKISEH02<\/strong><\/p>\n<p data-original-size=\"16\"><a role=\"link\" href=\"https:\/\/ogu.edu.tr\/\" data-original-size=\"16\">https:\/\/ogu.edu.tr\/<\/a><\/p>\n<p data-original-size=\"16\">(okres obowi\u0105zywania umowy: 2022-2029\/agreement duration: 2022-2029)<\/p>\n<p data-original-size=\"16\">Kontakt\/Contact:<\/p>\n<p data-original-size=\"16\">e-mail:\u00a0<a role=\"link\" href=\"mailto:erasmus@tm.ogu.edu.tr\" data-original-size=\"16\">erasmus@tm.ogu.edu.tr<\/a><\/p>\n<p data-original-size=\"16\">_____________________________________________________________________<\/p>\n<p><strong>Universitatea Na\u0163ional\u0103 de Art\u0103 Teatral\u0103 \u0219i Cinematografic\u0103 \u201eI.L. Caragiale\u201d din Bucure\u0219ti, Rumunia\/Romania*<\/strong><\/p>\n<p><strong>Erasmus code: RO BUCURES33<\/strong><\/p>\n<p><a href=\"https:\/\/unatc.ro\/devunatc\/\">Acasa \u2013 UNATC<\/a><\/p>\n<p>(okres obowi\u0105zywania umowy: 2023-2029\/agreement duration: 2023-2029)<\/p>\n<p>Kontakt\/Contact:<\/p>\n<p>e-mail:\u00a0<a href=\"mailto:erasmus@unatc.ro\">erasmus@unatc.ro<\/a><\/p>\n<p>_____________________________________________________________________<\/p>\n<div data-original-size=\"16\">\n<p data-original-size=\"16\"><strong>Universita degli studi di Sassari, W\u0142ochy\/Italy<\/strong><\/p>\n<p data-original-size=\"16\"><strong>Erasmus code: I SASSARI01<\/strong><\/p>\n<p><a role=\"link\" href=\"https:\/\/www.uniss.it\/\" data-original-size=\"16\">https:\/\/www.uniss.it\/<\/a><\/p>\n<\/div>\n<div data-original-size=\"16\">\n<p data-original-size=\"16\">(okres obowi\u0105zywania umowy: 2021-2029\/agreement duration: 2021-2029)<\/p>\n<p data-original-size=\"16\">Kontakt\/Contact:<\/p>\n<p data-original-size=\"16\">e-mail:<a role=\"link\" href=\"mailto:anelli@uniss.it\" data-original-size=\"16\">\u00a0anelli@uniss.it<\/a>\u00a0\/\u00a0<a role=\"link\" href=\"mailto:smessina@uniss.it\" data-original-size=\"16\">smessina@uniss.it<\/a><\/p>\n<p data-original-size=\"16\">_____________________________________________________________________<\/p>\n<p data-original-size=\"16\"><strong>Polytechnic Institute of Tomar, Portugalia\/Portugal<\/strong><\/p>\n<\/div>\n<p><strong>Erasmus code: P TOMAR01<\/strong><\/p>\n<p><a href=\"https:\/\/www.ipt.pt\/?lng=en\">https:\/\/www.ipt.pt\/?lng=en<\/a><\/p>\n<p>(okres obowi\u0105zywania umowy: 2025-2029\/agreement duration: 2025-2029)<\/p>\n<p>Kontakt\/Contact:<\/p>\n<p>e-mail:\u00a0<a href=\"mailto:spoc@ipt.pt\">balcaounico@ipt.pt\u00a0<\/a><\/p>\n<p>_____________________________________________________________________<\/p>\n<p><strong>University of Ostrava, Czechy\/Czech Republic<\/strong><\/p>\n<p><strong>Erasmus code: CZ OSTRAVA02<\/strong><\/p>\n<p><a href=\"https:\/\/www.osu.cz\/\">https:\/\/www.osu.cz\/<\/a><\/p>\n<p>(okres obowi\u0105zywania umowy: 2022-2029\/agreement duration: 2022-2029)<\/p>\n<p>Kontakt\/Contact:<\/p>\n<p>e-mail:\u00a0<a href=\"mailto:kamila.danihelkova@osu.cz\">kamila.danihelkova@osu.cz<\/a><\/p>\n<p>_____________________________________________________________________<\/p>\n<p><strong>University of Barcelona, Hiszpania\/Spain<\/strong><\/p>\n<p><strong>Erasmus code: E BARCELO01<\/strong><\/p>\n<p><a href=\"https:\/\/web.ub.edu\/web\/ub\/\">https:\/\/web.ub.edu\/web\/ub\/<\/a><\/p>\n<p>(okres obowi\u0105zywania umowy: 2022-2029\/agreement duration: 2022-2029)<\/p>\n<p>Kontakt\/Contact:<\/p>\n<p>e-mail:\u00a0<a href=\"mailto:relint@ub.edu\">relint@ub.edu<\/a><\/p>\n<p>_____________________________________________________________________<\/p>\n<p><strong>West University of Timisoara, Rumunia\/Romania<\/strong><\/p>\n<p><strong>Erasmus code: RO TIMISOA01<\/strong><\/p>\n<p><a href=\"https:\/\/www.uvt.ro\/\">https:\/\/www.uvt.ro\/<\/a><\/p>\n<p>(okres obowi\u0105zywania umowy: 2023-2029\/agreement duration: 2023-2029)<\/p>\n<p>Kontakt\/Contact:<\/p>\n<p>e-mail:\u00a0<a href=\"mailto:ana.mecea@e-uvt.ro\">ana.mecea@e-uvt.ro<\/a><\/p>\n<p>_____________________________________________________________________<\/p>\n<p><strong>Mimar Sinan Fine Arts University, Turcja\/Turkey<\/strong><\/p>\n<p><strong>Erasmus code: TR ISTANBU06<\/strong><\/p>\n<p><a href=\"https:\/\/msgsu.edu.tr\/\">https:\/\/msgsu.edu.tr\/<\/a><\/p>\n<p>(okres obowi\u0105zywania umowy: 2024-2029\/agreement duration: 2024-2029)<\/p>\n<p>Kontakt\/Contact:<\/p>\n<p>e-mail:\u00a0<a href=\"mailto:erasmus.agreement@msgsu.edu.tr\">erasmus.agreement@msgsu.edu.tr<\/a><\/p>\n<p>_____________________________________________________________________<\/p>\n<p><strong>Hasan Kalyoncu Universitesi, Turcja\/Turkey<\/strong><\/p>\n<p><strong>Erasmus code: TR GAZIANT03<\/strong><\/p>\n<p><a href=\"https:\/\/www.hku.edu.tr\/\">https:\/\/www.hku.edu.tr<\/a>\/<\/p>\n<p>(okres obowi\u0105zywania umowy: 2024-2029\/agreement duration: 2024-2029)<\/p>\n<p>Kontakt\/Contact:<\/p>\n<p>e-mail:\u00a0<a href=\"mailto:iro@hku.edu.tr\">iro@hku.edu.tr<\/a><\/p>\n<p>_____________________________________________________________________<\/p>\n<p><strong>University of Nis, Serbia\/Serbia<\/strong><\/p>\n<p><strong>Erasmus code: RS NIS01<\/strong><\/p>\n<p><a href=\"https:\/\/www.ni.ac.rs\/en\/\">https:\/\/www.ni.ac.rs\/en\/<\/a><\/p>\n<p>(okres obowi\u0105zywania umowy: 2021-2028\/agreement duration: 2021-2028)<\/p>\n<p>Kontakt\/Contact:<\/p>\n<p>e-mail: <a class=\"halo-link\" role=\"button\" href=\"mailto:mobility@junis.ni.ac.rs\"><span class=\"address\">mobility@junis.ni.ac.rs<\/span><\/a><\/p>\n\t\t\t\t\t\t\t\t<\/div>\n\t\t\t\t<\/div>\n\t\t\t\t\t<\/div>\n\t\t\t\t<\/div>\n\t\t\t\t<\/div>\n\t\t\t\t\t<\/div>\n\t\t<\/div>\n\t\t\t\t\t\t<\/div>\n\t\t\t\t<\/div>\n\t\t\t\t\t<\/div>\n\t\t\t\t<\/div>\n\t\t<div class=\"elementor-element elementor-element-a7c9249 e-flex e-con-boxed e-con e-parent\" data-id=\"a7c9249\" data-element_type=\"container\" data-e-type=\"container\" data-settings=\"{&quot;jet_parallax_layout_list&quot;:[]}\">\n\t\t\t\t\t<div class=\"e-con-inner\">\n\t\t\t\t<div class=\"elementor-element elementor-element-d89de56 elementor-widget elementor-widget-spacer\" data-id=\"d89de56\" data-element_type=\"widget\" data-e-type=\"widget\" data-widget_type=\"spacer.default\">\n\t\t\t\t<div class=\"elementor-widget-container\">\n\t\t\t\t\t\t\t<div class=\"elementor-spacer\">\n\t\t\t<div class=\"elementor-spacer-inner\"><\/div>\n\t\t<\/div>\n\t\t\t\t\t\t<\/div>\n\t\t\t\t<\/div>\n\t\t\t\t\t<\/div>\n\t\t\t\t<\/div>\n\t\t\t\t<\/div>\n\t\t","protected":false},"excerpt":{"rendered":"<p>Faculty of Art &#8211; partner universities Faculty of Art ACCADEMIA DI BELLE ARTI DI CARRARA, W\u0142ochy\/Italy Erasmus code: I CARRARA01 https:\/\/accademiacarrara.it\/ (okres obowi\u0105zywania umowy: 2024-2028\/agreement duration: 2024-2028) Kontakt\/Contact: e-mail: erasmus@accademiacarrara.it _____________________________________________________________________ Eskisehir Osmangazi Universitesi, Turcja\/Turkey Erasmus code: TR ESKISEH02 https:\/\/ogu.edu.tr\/ (okres obowi\u0105zywania umowy: 2022-2029\/agreement duration: 2022-2029) Kontakt\/Contact: e-mail:\u00a0erasmus@tm.ogu.edu.tr _____________________________________________________________________ Universitatea Na\u0163ional\u0103 de Art\u0103 Teatral\u0103 \u0219i [&hellip;]<\/p>\n","protected":false},"author":326,"featured_media":0,"parent":0,"menu_order":0,"comment_status":"closed","ping_status":"closed","template":"","meta":{"footnotes":""},"class_list":["post-6045","page","type-page","status-publish","hentry"],"_links":{"self":[{"href":"https:\/\/erasmusplus.uni.opole.pl\/en\/wp-json\/wp\/v2\/pages\/6045","targetHints":{"allow":["GET"]}}],"collection":[{"href":"https:\/\/erasmusplus.uni.opole.pl\/en\/wp-json\/wp\/v2\/pages"}],"about":[{"href":"https:\/\/erasmusplus.uni.opole.pl\/en\/wp-json\/wp\/v2\/types\/page"}],"author":[{"embeddable":true,"href":"https:\/\/erasmusplus.uni.opole.pl\/en\/wp-json\/wp\/v2\/users\/326"}],"replies":[{"embeddable":true,"href":"https:\/\/erasmusplus.uni.opole.pl\/en\/wp-json\/wp\/v2\/comments?post=6045"}],"version-history":[{"count":5,"href":"https:\/\/erasmusplus.uni.opole.pl\/en\/wp-json\/wp\/v2\/pages\/6045\/revisions"}],"predecessor-version":[{"id":9091,"href":"https:\/\/erasmusplus.uni.opole.pl\/en\/wp-json\/wp\/v2\/pages\/6045\/revisions\/9091"}],"wp:attachment":[{"href":"https:\/\/erasmusplus.uni.opole.pl\/en\/wp-json\/wp\/v2\/media?parent=6045"}],"curies":[{"name":"wp","href":"https:\/\/api.w.org\/{rel}","templated":true}]}}