  {"id":6568,"date":"2025-07-17T13:27:25","date_gmt":"2025-07-17T11:27:25","guid":{"rendered":"https:\/\/erasmusplus.uni.opole.pl\/scholarship-rates-staff\/"},"modified":"2025-09-19T08:19:24","modified_gmt":"2025-09-19T06:19:24","slug":"scholarship-rates-staff","status":"publish","type":"page","link":"https:\/\/erasmusplus.uni.opole.pl\/en\/scholarship-rates-2\/","title":{"rendered":"Scholarship rates &#8211; staff"},"content":{"rendered":"\t\t<div data-elementor-type=\"wp-page\" data-elementor-id=\"6568\" class=\"elementor elementor-6568 elementor-6269\" data-elementor-post-type=\"page\">\n\t\t\t\t<div class=\"elementor-element elementor-element-54c4197c e-flex e-con-boxed e-con e-parent\" data-id=\"54c4197c\" data-element_type=\"container\" data-e-type=\"container\" data-settings=\"{&quot;jet_parallax_layout_list&quot;:[]}\">\n\t\t\t\t\t<div class=\"e-con-inner\">\n\t\t\t\t<div class=\"elementor-element elementor-element-aa8c1cc elementor-widget elementor-widget-heading\" data-id=\"aa8c1cc\" data-element_type=\"widget\" data-e-type=\"widget\" data-widget_type=\"heading.default\">\n\t\t\t\t<div class=\"elementor-widget-container\">\n\t\t\t\t\t<h1 class=\"elementor-heading-title elementor-size-default\">Scholarship rates for staff<\/h1>\t\t\t\t<\/div>\n\t\t\t\t<\/div>\n\t\t\t\t\t<\/div>\n\t\t\t\t<\/div>\n\t\t<div class=\"elementor-element elementor-element-780f0468 e-flex e-con-boxed e-con e-parent\" data-id=\"780f0468\" data-element_type=\"container\" data-e-type=\"container\" data-settings=\"{&quot;jet_parallax_layout_list&quot;:[]}\">\n\t\t\t\t\t<div class=\"e-con-inner\">\n\t\t\t\t<div class=\"elementor-element elementor-element-2caacd06 elementor-widget elementor-widget-accordion\" data-id=\"2caacd06\" data-element_type=\"widget\" data-e-type=\"widget\" data-widget_type=\"accordion.default\">\n\t\t\t\t<div class=\"elementor-widget-container\">\n\t\t\t\t\t\t\t<div class=\"elementor-accordion\">\n\t\t\t\t\t\t\t<div class=\"elementor-accordion-item\">\n\t\t\t\t\t<div id=\"elementor-tab-title-7491\" class=\"elementor-tab-title\" data-tab=\"1\" role=\"button\" aria-controls=\"elementor-tab-content-7491\" aria-expanded=\"false\">\n\t\t\t\t\t\t\t\t\t\t\t\t\t<span class=\"elementor-accordion-icon elementor-accordion-icon-left\" aria-hidden=\"true\">\n\t\t\t\t\t\t\t\t\t\t\t\t\t\t\t<span class=\"elementor-accordion-icon-closed\"><i class=\"fas fa-caret-down\"><\/i><\/span>\n\t\t\t\t\t\t\t\t<span class=\"elementor-accordion-icon-opened\"><i class=\"fas fa-caret-up\"><\/i><\/span>\n\t\t\t\t\t\t\t\t\t\t\t\t\t\t<\/span>\n\t\t\t\t\t\t\t\t\t\t\t\t<a class=\"elementor-accordion-title\" tabindex=\"0\">element-0<\/a>\n\t\t\t\t\t<\/div>\n\t\t\t\t\t<div id=\"elementor-tab-content-7491\" class=\"elementor-tab-content elementor-clearfix\" data-tab=\"1\" role=\"region\" aria-labelledby=\"elementor-tab-title-7491\"><\/div>\n\t\t\t\t<\/div>\n\t\t\t\t\t\t\t<div class=\"elementor-accordion-item\">\n\t\t\t\t\t<div id=\"elementor-tab-title-7492\" class=\"elementor-tab-title\" data-tab=\"2\" role=\"button\" aria-controls=\"elementor-tab-content-7492\" aria-expanded=\"false\">\n\t\t\t\t\t\t\t\t\t\t\t\t\t<span class=\"elementor-accordion-icon elementor-accordion-icon-left\" aria-hidden=\"true\">\n\t\t\t\t\t\t\t\t\t\t\t\t\t\t\t<span class=\"elementor-accordion-icon-closed\"><i class=\"fas fa-caret-down\"><\/i><\/span>\n\t\t\t\t\t\t\t\t<span class=\"elementor-accordion-icon-opened\"><i class=\"fas fa-caret-up\"><\/i><\/span>\n\t\t\t\t\t\t\t\t\t\t\t\t\t\t<\/span>\n\t\t\t\t\t\t\t\t\t\t\t\t<a class=\"elementor-accordion-title\" tabindex=\"0\">Stawki stypendium na mobilno\u015bci pracownik\u00f3w Uniwersytetu Opolskiego zgodnie z komunikatem Narodowej Agencji w ramach umowy finansowej o numerze 2024-1-PL01-KA131-HED-000199486<\/a>\n\t\t\t\t\t<\/div>\n\t\t\t\t\t<div id=\"elementor-tab-content-7492\" class=\"elementor-tab-content elementor-clearfix\" data-tab=\"2\" role=\"region\" aria-labelledby=\"elementor-tab-title-7492\"><\/p>\n<table width=\"0\">\n<tbody>\n<tr>\n<td width=\"285\">\n<p>Kraje nale\u017c\u0105ce do danej grupy<\/p>\n<\/td>\n<td width=\"285\">\n<p>Stawka dzienna dla projekt\u00f3w zaakceptowanych w konkursie w roku 2024 przy wyjazdach trwaj\u0105cych nie d\u0142u\u017cej ni\u017c 14 dni<\/p>\n<\/td>\n<td width=\"285\">\n<p>Stawka dzienna dla projekt\u00f3w zaakceptowanych w konkursie w roku 2024 przy wyjazdach trwaj\u0105cych od 15 dni do 2 miesi\u0119cy*<\/p>\n<\/td>\n<\/tr>\n<tr>\n<td width=\"285\">\n<p>Grupa 1 \u2013 Austria, Belgia, Dania, Finlandia, Francja, Irlandia, Islandia, Lichtenstein, Luksemburg, Niderlandy, Niemcy, Norwegia, Szwecja, W\u0142ochy<\/p>\n<\/td>\n<td width=\"285\">\n<p>190 \u20ac<\/p>\n<\/td>\n<td width=\"285\">\n<p>133 \u20ac<\/p>\n<\/td>\n<\/tr>\n<tr>\n<td width=\"285\">\n<p>Grupa 2 \u2013 Cypr, Czechy, Estonia, Grecja, Hiszpania, \u0141otwa, Malta, Portugalia, S\u0142owacja, S\u0142owenia<\/p>\n<\/td>\n<td width=\"285\">\n<p>170 \u20ac<\/p>\n<\/td>\n<td width=\"285\">\n<p>119 \u20ac<\/p>\n<\/td>\n<\/tr>\n<tr>\n<td width=\"285\">\n<p>Grupa 3 \u2013 Bu\u0142garia, Chorwacja, Litwa, Macedonia P\u00f3\u0142nocna, Rumunia, Serbia Turcja, W\u0119gry<\/p>\n<\/td>\n<td width=\"285\">\n<p>148 \u20ac<\/p>\n<\/td>\n<td width=\"285\">\n<p>103 \u20ac<\/p>\n<\/td>\n<\/tr>\n<\/tbody>\n<\/table>\n<p><strong>* W przypadku pobyt\u00f3w przekraczaj\u0105cych 14 dni, w 15. i dalszych dniach pobytu wyp\u0142acona stawka dzienna wynosi 70% stawki dziennej wyp\u0142aconej na pobyt do 14 dni <\/strong><\/p>\n<p><strong>WSPARCIE KOSZT\u00d3W PODR\u00d3\u017bY:<\/strong><\/p>\n<table width=\"0\">\n<tbody>\n<tr>\n<td width=\"284\">\n<p>Odleg\u0142o\u015b\u0107<\/p>\n<\/td>\n<td width=\"284\">\n<p>Rycza\u0142t \u201cgreen travel\u201d *<\/p>\n<\/td>\n<td width=\"284\">\n<p>Rycza\u0142t podr\u00f3\u017c standardowa*<\/p>\n<\/td>\n<\/tr>\n<tr>\n<td width=\"284\">\n<p>od 10 do 99 km<\/p>\n<\/td>\n<td width=\"284\">\n<p>56 \u20ac per person<\/p>\n<\/td>\n<td width=\"284\">\n<p>28 \u20ac per person<\/p>\n<\/td>\n<\/tr>\n<tr>\n<td width=\"284\">\n<p>od 100 do 499 km<\/p>\n<\/td>\n<td width=\"284\">\n<p>285 \u20ac per person<\/p>\n<\/td>\n<td width=\"284\">\n<p>211 \u20ac per person<\/p>\n<\/td>\n<\/tr>\n<tr>\n<td width=\"284\">\n<p>od 500 do 1999 km<\/p>\n<\/td>\n<td width=\"284\">\n<p>417 \u20ac per person<\/p>\n<\/td>\n<td width=\"284\">\n<p>309 \u20ac per person<\/p>\n<\/td>\n<\/tr>\n<tr>\n<td width=\"284\">\n<p>od 2000 do 2999 km<\/p>\n<\/td>\n<td width=\"284\">\n<p>535 \u20ac per person<\/p>\n<\/td>\n<td width=\"284\">\n<p>395 \u20ac per person<\/p>\n<\/td>\n<\/tr>\n<tr>\n<td width=\"284\">\n<p>od 3000 do 3999 km<\/p>\n<\/td>\n<td width=\"284\">\n<p>785 \u20ac per person<\/p>\n<\/td>\n<td width=\"284\">\n<p>580 \u20ac per person<\/p>\n<\/td>\n<\/tr>\n<tr>\n<td width=\"284\">\n<p>od 4000 do 7999 km<\/p>\n<\/td>\n<td width=\"284\">\n<p>1188 \u20ac per person<\/p>\n<\/td>\n<td width=\"284\">\n<p>1188 \u20ac per person<\/p>\n<\/td>\n<\/tr>\n<tr>\n<td width=\"284\">\n<p>8000 km lub wi\u0119ce<\/p>\n<\/td>\n<td width=\"284\">\n<p>1735 \u20ac per person<\/p>\n<\/td>\n<td width=\"284\">\n<p>1735 \u20ac per person<\/p>\n<\/td>\n<\/tr>\n<\/tbody>\n<\/table>\n<p>Note: The amounts listed in the \u201cstandard travel\u201d and \u201cgreen travel\u201d columns are not cumulative. The distance for travel is calculated using the distance calculator available at: <a href=\"http:\/\/ec.europa.eu\/programmes\/erasmus-plus\/tools\/distance_en.htm\">http:\/\/ec.europa.eu\/programmes\/erasmus-plus\/tools\/distance_en.htm<\/a>  <\/p>\n<p>*\u201dgreen travel\u201d obejmuje podr\u00f3\u017c \u015brodkami transportu: autobus, poci\u0105g, carpooling<\/p>\n<p><a role=\"link\" href=\"https:\/\/erasmusplus.uni.opole.pl\/wp-content\/uploads\/sites\/189\/2024-ka1-stawki-szkolnictwo-wyzsze-1.pdf\">STAWKI STYPENDIALNE DLA MOBILNO\u015aCI W SZKOLNICTWIE WY\u017bSZYM W PROGRAMIE ERASMUS+ dla konkursu wniosk\u00f3w z roku 2024<\/a><\/p>\n<\/div>\n\t\t\t\t<\/div>\n\t\t\t\t\t\t\t<div class=\"elementor-accordion-item\">\n\t\t\t\t\t<div id=\"elementor-tab-title-7493\" class=\"elementor-tab-title\" data-tab=\"3\" role=\"button\" aria-controls=\"elementor-tab-content-7493\" aria-expanded=\"false\">\n\t\t\t\t\t\t\t\t\t\t\t\t\t<span class=\"elementor-accordion-icon elementor-accordion-icon-left\" aria-hidden=\"true\">\n\t\t\t\t\t\t\t\t\t\t\t\t\t\t\t<span class=\"elementor-accordion-icon-closed\"><i class=\"fas fa-caret-down\"><\/i><\/span>\n\t\t\t\t\t\t\t\t<span class=\"elementor-accordion-icon-opened\"><i class=\"fas fa-caret-up\"><\/i><\/span>\n\t\t\t\t\t\t\t\t\t\t\t\t\t\t<\/span>\n\t\t\t\t\t\t\t\t\t\t\t\t<a class=\"elementor-accordion-title\" tabindex=\"0\">Stawki stypendium na mobilno\u015bci pracownik\u00f3w Uniwersytetu Opolskiego zgodnie z komunikatem Narodowej Agencji w ramach umowy finansowej o numerze 2025-1-PL01-KA131-HED-000314214<\/a>\n\t\t\t\t\t<\/div>\n\t\t\t\t\t<div id=\"elementor-tab-content-7493\" class=\"elementor-tab-content elementor-clearfix\" data-tab=\"3\" role=\"region\" aria-labelledby=\"elementor-tab-title-7493\"><\/p>\n<table width=\"0\">\n<tbody>\n<tr>\n<td width=\"285\">\n<p>Kraje nale\u017c\u0105ce do danej grupy<\/p>\n<\/td>\n<td width=\"285\">\n<p>Stawka dzienna dla projekt\u00f3w zaakceptowanych w konkursie w roku 2025 przy wyjazdach trwaj\u0105cych nie d\u0142u\u017cej ni\u017c 14 dni<\/p>\n<\/td>\n<td width=\"285\">\n<p>Stawka dzienna dla projekt\u00f3w zaakceptowanych w konkursie w roku 2025 przy wyjazdach trwaj\u0105cych od 15 dni do 2 miesi\u0119cy*<\/p>\n<\/td>\n<\/tr>\n<tr>\n<td width=\"285\">\n<p>Grupa 1 \u2013 Austria, Belgia, Dania, Finlandia, Francja, Irlandia, Islandia, Lichtenstein, Luksemburg, Niderlandy, Niemcy, Norwegia, Szwecja, W\u0142ochy<\/p>\n<\/td>\n<td width=\"285\">\n<p>190 \u20ac<\/p>\n<\/td>\n<td width=\"285\">\n<p>133 \u20ac<\/p>\n<\/td>\n<\/tr>\n<tr>\n<td width=\"285\">\n<p>Grupa 2 \u2013 Cypr, Czechy, Estonia, Grecja, Hiszpania, \u0141otwa, Malta, Portugalia, S\u0142owacja, S\u0142owenia<\/p>\n<\/td>\n<td width=\"285\">\n<p>170 \u20ac<\/p>\n<\/td>\n<td width=\"285\">\n<p>119 \u20ac<\/p>\n<\/td>\n<\/tr>\n<tr>\n<td width=\"285\">\n<p>Grupa 3 \u2013 Bu\u0142garia, Chorwacja, Litwa, Macedonia P\u00f3\u0142nocna, Rumunia, Serbia Turcja, W\u0119gry<\/p>\n<\/td>\n<td width=\"285\">\n<p>148 \u20ac<\/p>\n<\/td>\n<td width=\"285\">\n<p>103 \u20ac<\/p>\n<\/td>\n<\/tr>\n<\/tbody>\n<\/table>\n<p><strong>* W przypadku pobyt\u00f3w przekraczaj\u0105cych 14 dni, w 15. i dalszych dniach pobytu wyp\u0142acona stawka dzienna wynosi 70% stawki dziennej wyp\u0142aconej na pobyt do 14 dni <\/strong><\/p>\n<p><strong>WSPARCIE KOSZT\u00d3W PODR\u00d3\u017bY:<\/strong><\/p>\n<table width=\"0\">\n<tbody>\n<tr>\n<td width=\"284\">\n<p>Odleg\u0142o\u015b\u0107<\/p>\n<\/td>\n<td width=\"284\">\n<p>Rycza\u0142t \u201cgreen travel\u201d *<\/p>\n<\/td>\n<td width=\"284\">\n<p>Rycza\u0142t podr\u00f3\u017c standardowa*<\/p>\n<\/td>\n<\/tr>\n<tr>\n<td width=\"284\">\n<p>od 10 do 99 km<\/p>\n<\/td>\n<td width=\"284\">\n<p>56 \u20ac per person<\/p>\n<\/td>\n<td width=\"284\">\n<p>28 \u20ac per person<\/p>\n<\/td>\n<\/tr>\n<tr>\n<td width=\"284\">\n<p>od 100 do 499 km<\/p>\n<\/td>\n<td width=\"284\">\n<p>285 \u20ac per person<\/p>\n<\/td>\n<td width=\"284\">\n<p>211 \u20ac per person<\/p>\n<\/td>\n<\/tr>\n<tr>\n<td width=\"284\">\n<p>od 500 do 1999 km<\/p>\n<\/td>\n<td width=\"284\">\n<p>417 \u20ac per person<\/p>\n<\/td>\n<td width=\"284\">\n<p>309 \u20ac per person<\/p>\n<\/td>\n<\/tr>\n<tr>\n<td width=\"284\">\n<p>od 2000 do 2999 km<\/p>\n<\/td>\n<td width=\"284\">\n<p>535 \u20ac per person<\/p>\n<\/td>\n<td width=\"284\">\n<p>395 \u20ac per person<\/p>\n<\/td>\n<\/tr>\n<tr>\n<td width=\"284\">\n<p>od 3000 do 3999 km<\/p>\n<\/td>\n<td width=\"284\">\n<p>785 \u20ac per person<\/p>\n<\/td>\n<td width=\"284\">\n<p>580 \u20ac per person<\/p>\n<\/td>\n<\/tr>\n<tr>\n<td width=\"284\">\n<p>od 4000 do 7999 km<\/p>\n<\/td>\n<td width=\"284\">\n<p>1188 \u20ac per person<\/p>\n<\/td>\n<td width=\"284\">\n<p>1188 \u20ac per person<\/p>\n<\/td>\n<\/tr>\n<tr>\n<td width=\"284\">\n<p>8000 km lub wi\u0119ce<\/p>\n<\/td>\n<td width=\"284\">\n<p>1735 \u20ac per person<\/p>\n<\/td>\n<td width=\"284\">\n<p>1735 \u20ac per person<\/p>\n<\/td>\n<\/tr>\n<\/tbody>\n<\/table>\n<p>Note: The amounts listed in the \u201cstandard travel\u201d and \u201cgreen travel\u201d columns are not cumulative. The distance for travel is calculated using the distance calculator available at: <a href=\"http:\/\/ec.europa.eu\/programmes\/erasmus-plus\/tools\/distance_en.htm\">http:\/\/ec.europa.eu\/programmes\/erasmus-plus\/tools\/distance_en.htm<\/a>  <\/p>\n<p>*\u201dgreen travel\u201d obejmuje podr\u00f3\u017c \u015brodkami transportu: autobus, poci\u0105g, carpooling<\/p>\n<p><a href=\"https:\/\/erasmusplus.uni.opole.pl\/wp-content\/uploads\/sites\/189\/stawki-ka131-ka171-2025.pdf\">STAWKI STYPENDIALNE DLA MOBILNO\u015aCI W SZKOLNICTWIE WY\u017bSZYM W PROGRAMIE ERASMUS+ dla konkursu wniosk\u00f3w z roku 2025<\/a><\/p>\n<\/div>\n\t\t\t\t<\/div>\n\t\t\t\t\t\t\t\t<\/div>\n\t\t\t\t\t\t<\/div>\n\t\t\t\t<\/div>\n\t\t\t\t\t<\/div>\n\t\t\t\t<\/div>\n\t\t<div class=\"elementor-element elementor-element-bec7c73 e-flex e-con-boxed e-con e-parent\" data-id=\"bec7c73\" data-element_type=\"container\" data-e-type=\"container\" data-settings=\"{&quot;jet_parallax_layout_list&quot;:[]}\">\n\t\t\t\t\t<div class=\"e-con-inner\">\n\t\t\t\t\t<\/div>\n\t\t\t\t<\/div>\n\t\t\t\t<\/div>\n\t\t","protected":false},"excerpt":{"rendered":"<p>Scholarship rates for staff element-0 Stawki stypendium na mobilno\u015bci pracownik\u00f3w Uniwersytetu Opolskiego zgodnie z komunikatem Narodowej Agencji w ramach umowy finansowej o numerze 2024-1-PL01-KA131-HED-000199486 Kraje nale\u017c\u0105ce do danej grupy Stawka dzienna dla projekt\u00f3w zaakceptowanych w konkursie w roku 2024 przy wyjazdach trwaj\u0105cych nie d\u0142u\u017cej ni\u017c 14 dni Stawka dzienna dla projekt\u00f3w zaakceptowanych w konkursie w [&hellip;]<\/p>\n","protected":false},"author":331,"featured_media":0,"parent":0,"menu_order":0,"comment_status":"closed","ping_status":"closed","template":"","meta":{"footnotes":""},"class_list":["post-6568","page","type-page","status-publish","hentry"],"_links":{"self":[{"href":"https:\/\/erasmusplus.uni.opole.pl\/en\/wp-json\/wp\/v2\/pages\/6568","targetHints":{"allow":["GET"]}}],"collection":[{"href":"https:\/\/erasmusplus.uni.opole.pl\/en\/wp-json\/wp\/v2\/pages"}],"about":[{"href":"https:\/\/erasmusplus.uni.opole.pl\/en\/wp-json\/wp\/v2\/types\/page"}],"author":[{"embeddable":true,"href":"https:\/\/erasmusplus.uni.opole.pl\/en\/wp-json\/wp\/v2\/users\/331"}],"replies":[{"embeddable":true,"href":"https:\/\/erasmusplus.uni.opole.pl\/en\/wp-json\/wp\/v2\/comments?post=6568"}],"version-history":[{"count":3,"href":"https:\/\/erasmusplus.uni.opole.pl\/en\/wp-json\/wp\/v2\/pages\/6568\/revisions"}],"predecessor-version":[{"id":7063,"href":"https:\/\/erasmusplus.uni.opole.pl\/en\/wp-json\/wp\/v2\/pages\/6568\/revisions\/7063"}],"wp:attachment":[{"href":"https:\/\/erasmusplus.uni.opole.pl\/en\/wp-json\/wp\/v2\/media?parent=6568"}],"curies":[{"name":"wp","href":"https:\/\/api.w.org\/{rel}","templated":true}]}}